{"id":474,"date":"2024-12-12T19:25:29","date_gmt":"2024-12-12T19:25:29","guid":{"rendered":"https:\/\/www.kehorennox.fi\/?page_id=474"},"modified":"2025-03-14T20:09:58","modified_gmt":"2025-03-14T20:09:58","slug":"nettiajanvaraus","status":"publish","type":"page","link":"https:\/\/www.kehorennox.fi\/?page_id=474","title":{"rendered":"Nettiajanvaraus"},"content":{"rendered":"\n<div class=\"wp-block-columns is-layout-flex wp-container-core-columns-is-layout-1 wp-block-columns-is-layout-flex\">\n<div class=\"wp-block-column is-layout-flow wp-block-column-is-layout-flow\" style=\"flex-basis:15%\"><\/div>\n\n\n\n<div class=\"wp-block-column is-layout-flow wp-block-column-is-layout-flow\" style=\"flex-basis:70%\">\n<p class=\"has-text-align-center\">Voit varata ajan my\u00f6s numerosta 050 307 8585. <br> Huomioithan kuitenkin, ett\u00e4 en vastaa puheluihin hieronnan aikana. <br> J\u00e4t\u00e4 viesti vastaajaan tai l\u00e4het\u00e4 tekstiviesti niin soitan takaisin.<\/p>\n<\/div>\n\n\n\n<div class=\"wp-block-column is-layout-flow wp-block-column-is-layout-flow\" style=\"flex-basis:15%\"><\/div>\n<\/div>\n\n\n<p><iframe width=\"100%\" frameborder=\"0\"\nsrc=\"https:\/\/varaa.timma.fi\/reservation\/kehorennox\"\nid=\"reservationIframe60317\"><\/iframe><\/p>\n<p><script src=\"https:\/\/cdnjs.cloudflare.com\/ajax\/libs\/iframe-resizer\/2.8.3\/iframeResizer.min.js\"><\/script><\/p>\n<p><script type=\"text\/javascript\">iFrameResize({checkOrigin: false}, '#reservationIframe60317');<\/script><\/p>","protected":false},"excerpt":{"rendered":"<p>Voit varata ajan my\u00f6s numerosta 050 307 8585. Huomioithan kuitenkin, ett\u00e4 en vastaa puheluihin hieronnan aikana. J\u00e4t\u00e4 viesti vastaajaan tai l\u00e4het\u00e4 tekstiviesti niin soitan takaisin.<\/p>\n","protected":false},"author":1,"featured_media":0,"parent":0,"menu_order":0,"comment_status":"closed","ping_status":"closed","template":"","meta":{"_kadence_starter_templates_imported_post":false,"_kad_post_transparent":"","_kad_post_title":"","_kad_post_layout":"","_kad_post_sidebar_id":"","_kad_post_content_style":"","_kad_post_vertical_padding":"","_kad_post_feature":"","_kad_post_feature_position":"","_kad_post_header":false,"_kad_post_footer":false,"_kad_post_classname":"","footnotes":""},"class_list":["post-474","page","type-page","status-publish","hentry"],"_links":{"self":[{"href":"https:\/\/www.kehorennox.fi\/index.php?rest_route=\/wp\/v2\/pages\/474","targetHints":{"allow":["GET"]}}],"collection":[{"href":"https:\/\/www.kehorennox.fi\/index.php?rest_route=\/wp\/v2\/pages"}],"about":[{"href":"https:\/\/www.kehorennox.fi\/index.php?rest_route=\/wp\/v2\/types\/page"}],"author":[{"embeddable":true,"href":"https:\/\/www.kehorennox.fi\/index.php?rest_route=\/wp\/v2\/users\/1"}],"replies":[{"embeddable":true,"href":"https:\/\/www.kehorennox.fi\/index.php?rest_route=%2Fwp%2Fv2%2Fcomments&post=474"}],"version-history":[{"count":6,"href":"https:\/\/www.kehorennox.fi\/index.php?rest_route=\/wp\/v2\/pages\/474\/revisions"}],"predecessor-version":[{"id":677,"href":"https:\/\/www.kehorennox.fi\/index.php?rest_route=\/wp\/v2\/pages\/474\/revisions\/677"}],"wp:attachment":[{"href":"https:\/\/www.kehorennox.fi\/index.php?rest_route=%2Fwp%2Fv2%2Fmedia&parent=474"}],"curies":[{"name":"wp","href":"https:\/\/api.w.org\/{rel}","templated":true}]}}